{"id":2961,"date":"2025-12-04T12:52:05","date_gmt":"2025-12-04T12:52:05","guid":{"rendered":"https:\/\/notamspot.com\/?page_id=2961"},"modified":"2026-03-09T16:35:55","modified_gmt":"2026-03-09T16:35:55","slug":"install-browser-now","status":"publish","type":"page","link":"https:\/\/notamspot.com\/en_us\/install-browser-now\/","title":{"rendered":"Add NOTAMSpot to your browser."},"content":{"rendered":"<div class=\"prose dark:prose-invert inline leading-relaxed break-words min-w-0 [word-break:break-word] prose-strong:font-medium [&amp;_&gt;&lt;p&gt;*:first-child]:mt-0\">\n<h1 id=\"instalar-smartcontentguard\" class=\"font-display first:mt-xs mb-2 mt-4 font-semimedium text-lg leading-[1.5em] lg:text-xl\">ADD NOTAMSpot TO YOUR BROWSER<\/h1>\n<div style=\"background: linear-gradient(135deg, #DBEAFE 0%, #BFDBFE 100%); border-left: 4px solid #3B82F6; padding: 16px 20px; margin: 24px 0 32px 0; border-radius: 6px; box-shadow: 0 2px 4px rgba(0,0,0,0.08);\">\n<p style=\"margin: 0; font-size: 15px; font-weight: 600; color: #1e40af; text-align: center; line-height: 1.6;\">\u2139\ufe0f <strong>Independent Browser Extension Policy:<\/strong> NOTAMSpot is an independent browser extension not affiliated, certified, or endorsed by FAA, ICAO, DECEA, or any aviation authority. All processing occurs client-side only.<\/p>\n<\/div>\n<hr class=\"bg-subtle h-px border-0\" \/>\n<\/div>\n<p><!-- Card: Escolha seu Navegador (Desktop) - RESPONSIVO --><\/p>\n<div style=\"max-width: 100%; margin: 40px 0; padding: 0;\">\n<div style=\"background: linear-gradient(to right, #e0f2fe, #f9fafb); border: 1px solid #bfdbfe; border-radius: 18px; padding: 28px 20px; box-shadow: 0 6px 18px rgba(30, 58, 138, 0.12);\">\n<p><!-- Header --><\/p>\n<div style=\"margin-bottom: 28px; text-align: center;\">\n<h2 style=\"margin: 0 0 10px 0; font-size: 2.2rem; font-weight: bold; color: #1e3a8a; letter-spacing: 0.02em;\">CHOOSE YOUR BROWSER<\/h2>\n<div style=\"display: inline-block; padding: 10px 20px; background: linear-gradient(135deg, #fef3c7 0%, #fde68a 100%); border-left: 4px solid #f59e0b; border-radius: 10px; margin-top: 12px;\">\n<p style=\"margin: 0; font-size: 1.6rem; font-weight: 600; color: #92400e;\">\u26a0\ufe0f <strong>Add to Computers<\/strong> ChromeOS, Windows, macOS, Linux, and others<\/p>\n<\/div>\n<p style=\"margin: 16px 0 0 0; font-size: 1.9rem; line-height: 1.6; color: #475569;\">Select your browser to add the extension directly from the official store:<\/p>\n<\/div>\n<p><!-- Lista de Navegadores - Layout Vertical Empilhado --><\/p>\n<div style=\"display: flex; flex-direction: column; gap: 18px;\">\n<p><!-- Chrome --><\/p>\n<div style=\"display: flex; flex-direction: column; gap: 12px; padding: 20px; border-radius: 14px; background: linear-gradient(135deg, #ffffff 0%, #f8fafc 100%); border: 2px solid #e2e8f0; box-shadow: 0 2px 8px rgba(0, 0, 0, 0.06);\">\n<div style=\"display: flex; align-items: center; gap: 14px;\">\n<div style=\"font-size: 3rem; line-height: 1; flex-shrink: 0;\">\ud83c\udf10<\/div>\n<div style=\"flex: 1;\">\n<h3 style=\"margin: 0 0 4px 0; font-size: 1.8rem; font-weight: bold; color: #0f172a;\">Google Chrome<\/h3>\n<p style=\"margin: 0; font-size: 1.6rem; color: #64748b; line-height: 1.4;\">Recommended for best compatibility<\/p>\n<\/div>\n<\/div>\n<div style=\"display: flex; flex-direction: column; gap: 8px;\"><a style=\"display: inline-block; width: 100%; text-align: center; padding: 12px 20px; border-radius: 999px; background: linear-gradient(135deg, #4285f4 0%, #34a853 100%); color: #ffffff; font-size: 1.5rem; font-weight: bold; text-decoration: none; box-shadow: 0 4px 12px rgba(66, 133, 244, 0.3); box-sizing: border-box;\" href=\"https:\/\/chromewebstore.google.com\/detail\/smartcontentguard-beta\/difogkgggjkokjgelhbcafioebjokhkg\" target=\"_blank\" rel=\"nofollow noopener\"><br \/>\nAdd from Chrome Web Store<br \/>\n<\/a><\/p>\n<p style=\"margin: 0; font-size: 1.6rem; color: #16a34a; font-weight: 600; text-align: center;\">\ud83d\ude80 Now available. Add it now! \ud83d\udc4d<\/p>\n<\/div>\n<\/div>\n<p><!-- Edge --><\/p>\n<div style=\"display: flex; flex-direction: column; gap: 12px; padding: 20px; border-radius: 14px; background: linear-gradient(135deg, #dbeafe 0%, #eff6ff 100%); border: 2px solid #0ea5e9; box-shadow: 0 4px 12px rgba(14, 165, 233, 0.15);\">\n<div style=\"display: flex; align-items: center; gap: 14px;\">\n<div style=\"font-size: 3rem; line-height: 1; flex-shrink: 0;\">\ud83d\udd37<\/div>\n<div style=\"flex: 1;\">\n<h3 style=\"margin: 0 0 4px 0; font-size: 1.8rem; font-weight: bold; color: #0f172a;\">Microsoft Edge<\/h3>\n<p style=\"margin: 0; font-size: 1.6rem; color: #64748b; line-height: 1.4;\">Native integration with Windows<\/p>\n<\/div>\n<\/div>\n<div style=\"display: flex; flex-direction: column; gap: 8px;\"><a style=\"display: inline-block; width: 100%; text-align: center; padding: 12px 20px; border-radius: 999px; background: linear-gradient(135deg, #0ea5e9 0%, #0284c7 100%); color: #ffffff; font-size: 1.5rem; font-weight: bold; text-decoration: none; box-shadow: 0 4px 12px rgba(14, 165, 233, 0.3); box-sizing: border-box;\" href=\"https:\/\/microsoftedge.microsoft.com\/addons\/detail\/smartcontentguard-beta\/mihlmgogmfjohkakobjdicadppmbdmdm\" target=\"_blank\" rel=\"nofollow noopener\"><br \/>\nAdd from Edge Add-ons<br \/>\n<\/a><\/p>\n<p style=\"margin: 0; font-size: 1.6rem; color: #16a34a; font-weight: 600; text-align: center;\">\ud83d\ude80 Now available. Add it now! \ud83d\udc4d<\/p>\n<\/div>\n<\/div>\n<p><!-- Firefox --><\/p>\n<div style=\"display: flex; flex-direction: column; gap: 12px; padding: 20px; border-radius: 14px; background: linear-gradient(135deg, #fed7aa 0%, #ffedd5 100%); border: 2px solid #f97316; box-shadow: 0 4px 12px rgba(249, 115, 22, 0.15);\">\n<div style=\"display: flex; align-items: center; gap: 14px;\">\n<div style=\"font-size: 3rem; line-height: 1; flex-shrink: 0;\">\ud83e\udd8a<\/div>\n<div style=\"flex: 1;\">\n<h3 style=\"margin: 0 0 4px 0; font-size: 1.8rem; font-weight: bold; color: #0f172a;\">Mozilla Firefox<\/h3>\n<p style=\"margin: 0; font-size: 1.6rem; color: #64748b; line-height: 1.4;\">Focus on privacy and open source.<\/p>\n<\/div>\n<\/div>\n<div style=\"display: flex; flex-direction: column; gap: 8px;\"><a style=\"display: inline-block; width: 100%; text-align: center; padding: 12px 20px; border-radius: 999px; background: linear-gradient(135deg, #f97316 0%, #ea580c 100%); color: #ffffff; font-size: 1.5rem; font-weight: bold; text-decoration: none; box-shadow: 0 4px 12px rgba(249, 115, 22, 0.3); box-sizing: border-box;\" href=\"https:\/\/addons.mozilla.org\/addon\/smartcontentguard-beta\/\" target=\"_blank\" rel=\"nofollow noopener\"><br \/>\nAdd from Firefox Add-ons<br \/>\n<\/a><\/p>\n<p style=\"margin: 0; font-size: 1.6rem; color: #16a34a; font-weight: 600; text-align: center;\">\ud83d\ude80 Now available. Add it now! \ud83d\udc4d<\/p>\n<\/div>\n<\/div>\n<\/div>\n<p><!-- Teste ap\u00f3s instala\u00e7\u00e3o --><\/p>\n<div style=\"margin-top: 24px; padding: 18px 20px; background: linear-gradient(135deg, #f0fdf4 0%, #ecfdf5 100%); border-left: 4px solid #10b981; border-radius: 10px;\">\n<p style=\"margin: 0 0 12px 0; font-size: 1.7rem; line-height: 1.6; color: #065f46; font-weight: 600;\"><strong style=\"color: #047857;\">\u2708\ufe0f Teste ao final:<\/strong> Check if the extension is working correctly. The extension runs automatically when the page loads.<\/p>\n<p><!-- Bot\u00e3o NOTAM --><br \/>\n<a style=\"display: inline-block; width: 100%; text-align: center; padding: 12px 20px; border-radius: 8px; background: linear-gradient(135deg, #10b981 0%, #059669 100%); color: #ffffff; font-size: 1.6rem; font-weight: bold; text-decoration: none; box-shadow: 0 4px 12px rgba(16, 185, 129, 0.3); box-sizing: border-box; margin-bottom: 10px;\" href=\"https:\/\/www.airnav.com\/airport\/KJFK\" target=\"_blank\" rel=\"noopener noreferrer\"><br \/>\n\ud83d\udeeb Test NOTAM \u2014 AirNav.com (KJFK)<br \/>\n<\/a><\/p>\n<p><!-- Bot\u00e3o METAR & TAF --><br \/>\n<a style=\"display: inline-block; width: 100%; text-align: center; padding: 12px 20px; border-radius: 8px; background: linear-gradient(135deg, #3b82f6 0%, #2563eb 100%); color: #ffffff; font-size: 1.6rem; font-weight: bold; text-decoration: none; box-shadow: 0 4px 12px rgba(59, 130, 246, 0.3); box-sizing: border-box;\" href=\"https:\/\/aviationweather.gov\/data\/metar\/?ids=KJFK%2CKLAX%2CKORD%2CKATL%2CKDFW%2CKDEN%2CKSFO%2CKLAS%2CKPHX%2CKIAH%2CKMIA%2CKSEA%2CKEWR%2CKBOS%2CKDCA%2CKFLL%2CKBWI%2CKMDW%2CKPHL%2CLGA%2CKDTW%2CKMSN%2CPANC%2CPHNL&amp;taf=1\" target=\"_blank\" rel=\"noopener noreferrer\"><br \/>\n\ud83c\udf24\ufe0f Test METAR &amp; TAF \u2014 Aviation Weather (KJFK+)<br \/>\n<\/a><\/p>\n<\/div>\n<p><!-- Dica no rodap\u00e9 --><\/p>\n<div style=\"margin-top: 18px; padding: 16px 20px; background: rgba(30, 58, 138, 0.05); border-left: 4px solid #3b82f6; border-radius: 10px;\">\n<p style=\"margin: 0; font-size: 1.6rem; line-height: 1.6; color: #475569;\"><strong style=\"color: #1e3a8a;\">\ud83d\udca1 Tip:<\/strong> After adding the extension to your browser, it will automatically sync across your devices if you are logged into your account.<\/p>\n<\/div>\n<\/div>\n<\/div>\n<hr class=\"bg-subtle h-px border-0\" \/>\n<h2 class=\"mb-2 mt-4 font-display font-semimedium text-base first:mt-0\"><strong>\ud83d\udcf1 Add to Smartphones (Android)<\/strong><\/h2>\n<p><!-- Card: Instala\u00e7\u00e3o Edge Canary (Android) --><\/p>\n<div style=\"max-width: 100%; margin: 40px 0; padding: 0;\">\n<div style=\"background: linear-gradient(135deg, #1e3a8a 0%, #1e40af 100%); border-radius: 16px; padding: 32px 28px; box-shadow: 0 8px 20px rgba(30, 58, 138, 0.25); font-family: system-ui, -apple-system, 'Segoe UI', Roboto, Arial, sans-serif; color: #ffffff;\">\n<div style=\"display: flex; align-items: center; gap: 16px; margin-bottom: 24px; padding-bottom: 20px; border-bottom: 2px solid rgba(255, 255, 255, 0.2);\">\n<div style=\"width: 56px; height: 56px; background: linear-gradient(135deg, #f59e0b 0%, #ff6b35 100%); border-radius: 14px; display: flex; align-items: center; justify-content: center; font-size: 28px; font-weight: 900; color: #1e3a8a; box-shadow: 0 4px 12px rgba(245, 158, 11, 0.4); flex-shrink: 0;\">\ud83d\udee1\ufe0f<\/div>\n<div style=\"flex: 1;\">\n<h3 style=\"margin: 0 0 6px 0; font-size: 1.75rem; font-weight: bold; color: #ffffff; letter-spacing: -0.02em; line-height: 1.2;\">NOTAMSpot on Edge Canary<\/h3>\n<p style=\"margin: 0; font-size: 1rem; color: rgba(255, 255, 255, 0.75); line-height: 1.4;\">Quick 3-step installation (Android)<\/p>\n<\/div>\n<\/div>\n<p style=\"margin: 0 0 24px 0; font-size: 1.8rem; line-height: 1.6; color: rgba(255, 255, 255, 0.95);\">For Android devices, the <strong>Edge Canary<\/strong> Allows you to add NOTAMSpot directly. Download the browser, install NOTAMSpot, and test automatically.<\/p>\n<div style=\"margin: 0 0 28px 0;\">\n<div style=\"display: flex; gap: 16px; margin-bottom: 20px; padding: 18px; background: rgba(255, 255, 255, 0.1); border-radius: 12px; border-left: 4px solid #fbbf24;\">\n<div style=\"width: 36px; height: 36px; background: #fbbf24; color: #1e3a8a; border-radius: 50%; display: flex; align-items: center; justify-content: center; font-weight: 900; font-size: 1.2rem; flex-shrink: 0;\">1<\/div>\n<div style=\"flex: 1;\">\n<h4 style=\"margin: 0 0 8px 0; font-size: 1.8rem; font-weight: bold; color: #fbbf24;\">Download Microsoft Edge Canary<\/h4>\n<p style=\"margin: 0 0 10px 0; font-size: 1.8rem; line-height: 1.5; color: rgba(255, 255, 255, 0.9);\">Install from the Play Store and open your browser after it's finished.<\/p>\n<p><a style=\"display: inline-block; padding: 10px 18px; background: rgba(255, 255, 255, 0.95); color: #1e3a8a; font-size: 1.5rem; font-weight: bold; text-decoration: none; border-radius: 8px;\" href=\"https:\/\/play.google.com\/store\/apps\/details?id=com.microsoft.emmx.canary\" target=\"_blank\" rel=\"noopener noreferrer\">\ud83d\udcf2 Open Play Store<\/a><\/p>\n<\/div>\n<\/div>\n<div style=\"display: flex; gap: 16px; margin-bottom: 20px; padding: 18px; background: rgba(255, 255, 255, 0.1); border-radius: 12px; border-left: 4px solid #fbbf24;\">\n<div style=\"width: 36px; height: 36px; background: #fbbf24; color: #1e3a8a; border-radius: 50%; display: flex; align-items: center; justify-content: center; font-weight: 900; font-size: 1.2rem; flex-shrink: 0;\">2<\/div>\n<div style=\"flex: 1;\">\n<h4 style=\"margin: 0 0 8px 0; font-size: 1.8rem; font-weight: bold; color: #fbbf24;\">Add the NOTAMSpot extension.<\/h4>\n<p style=\"margin: 0 0 10px 0; font-size: 1.8rem; line-height: 1.5; color: rgba(255, 255, 255, 0.9);\">Go to the page in Edge Add-ons and tap \u201cGet\u201d or \u201cInstall\u201d.<\/p>\n<p><a style=\"display: inline-block; padding: 10px 18px; background: linear-gradient(135deg, #f59e0b 0%, #ff6b35 100%); color: #ffffff; font-size: 1.5rem; font-weight: 800; text-decoration: none; border-radius: 8px; box-shadow: 0 4px 10px rgba(245, 158, 11, 0.3);\" href=\"https:\/\/microsoftedge.microsoft.com\/addons\/detail\/smartcontentguard-beta\/mihlmgogmfjohkakobjdicadppmbdmdm\" target=\"_blank\" rel=\"noopener noreferrer\">\ud83d\udd37 Adicionar Extens\u00e3o<\/a><\/p>\n<\/div>\n<\/div>\n<div style=\"display: flex; gap: 16px; padding: 18px; background: rgba(255, 255, 255, 0.1); border-radius: 12px; border-left: 4px solid #fbbf24;\">\n<div style=\"width: 36px; height: 36px; background: #fbbf24; color: #1e3a8a; border-radius: 50%; display: flex; align-items: center; justify-content: center; font-weight: 900; font-size: 1.2rem; flex-shrink: 0;\">3<\/div>\n<div style=\"flex: 1;\">\n<h4 style=\"margin: 0 0 8px 0; font-size: 1.8rem; font-weight: bold; color: #fbbf24;\">Test the extension's features.<\/h4>\n<p style=\"margin: 0 0 10px 0; font-size: 1.8rem; line-height: 1.5; color: rgba(255, 255, 255, 0.9);\">The extension runs automatically when the page loads.<\/p>\n<div style=\"display: flex; gap: 10px; flex-wrap: wrap;\">\n<p><a style=\"display: inline-block; padding: 10px 18px; background: #0f172a; color: #fbbf24; font-size: 1.5rem; font-weight: 800; text-decoration: none; border-radius: 8px; box-shadow: 0 4px 10px rgba(0, 0, 0, 0.3);\" href=\"https:\/\/www.airnav.com\/airport\/KJFK\" target=\"_blank\" rel=\"noopener noreferrer\">\ud83d\udeeb Test NOTAM \u2014 AirNav.com (KJFK)<\/a><\/p>\n<p><a style=\"display: inline-block; padding: 10px 18px; background: #0f172a; color: #38bdf8; font-size: 1.5rem; font-weight: 800; text-decoration: none; border-radius: 8px; box-shadow: 0 4px 10px rgba(0, 0, 0, 0.3);\" href=\"https:\/\/aviationweather.gov\/data\/metar\/?ids=KJFK%2CKLAX%2CKORD%2CKATL%2CKDFW%2CKDEN%2CKSFO%2CKLAS%2CKPHX%2CKIAH%2CKMIA%2CKSEA%2CKEWR%2CKBOS%2CKDCA%2CKFLL%2CKBWI%2CKMDW%2CKPHL%2CLGA%2CKDTW%2CKMSN%2CPANC%2CPHNL&amp;taf=1\" target=\"_blank\" rel=\"noopener noreferrer\">\ud83c\udf24\ufe0f Test METAR &amp; TAF \u2014 Aviation Weather (KJFK+)<\/a><\/p>\n<\/div>\n<\/div>\n<\/div>\n<\/div>\n<div style=\"margin: 0; padding: 16px 18px; background: rgba(0, 0, 0, 0.25); border-left: 4px solid #fcd34d; border-radius: 8px;\">\n<p style=\"margin: 0; font-size: 1.6rem; line-height: 1.6; color: rgba(255, 255, 255, 0.9);\"><strong style=\"color: #fcd34d; font-size: 1.7rem;\">\ud83d\udca1 Safety tip:<\/strong> All links open in a new tab with <code style=\"background: rgba(255, 255, 255, 0.15); padding: 3px 8px; border-radius: 4px; font-size: 1.5rem;\">rel=\"noopener noreferrer\"<\/code> to protect your browsing.<\/p>\n<\/div>\n<\/div>\n<\/div>\n<hr class=\"bg-subtle h-px border-0\" \/>\n<h2 id=\"vantagens-da-instalao-oficial\" class=\"mb-2 mt-4 font-display font-semimedium text-base first:mt-0 md:text-lg [hr+&amp;]:mt-4\">ADVANTAGES OF THE OFFICIAL STORE<\/h2>\n<p class=\"my-2 [&amp;+p]:mt-4 [&amp;_strong:has(+br)]:inline-block [&amp;_strong:has(+br)]:pb-2\">\u2705 <strong>Add with 1 click<\/strong> \u2013 No complex manual steps<\/p>\n<p class=\"my-2 [&amp;+p]:mt-4 [&amp;_strong:has(+br)]:inline-block [&amp;_strong:has(+br)]:pb-2\">\u2705 <strong>Automatic updates<\/strong> \u2013 Always the latest version<\/p>\n<p class=\"my-2 [&amp;+p]:mt-4 [&amp;_strong:has(+br)]:inline-block [&amp;_strong:has(+br)]:pb-2\">\u2705 <strong>Cross-device sync<\/strong> \u2013 Chrome\/Edge sync your settings<\/p>\n<p class=\"my-2 [&amp;+p]:mt-4 [&amp;_strong:has(+br)]:inline-block [&amp;_strong:has(+br)]:pb-2\">\u2705 <strong>Validated security<\/strong> \u2013 Reviewed by official stores<\/p>\n<p class=\"my-2 [&amp;+p]:mt-4 [&amp;_strong:has(+br)]:inline-block [&amp;_strong:has(+br)]:pb-2\">\u2705 <strong>Permanent addition<\/strong> \u2013 It doesn't disappear when you close your browser.<\/p>\n<p class=\"my-2 [&amp;+p]:mt-4 [&amp;_strong:has(+br)]:inline-block [&amp;_strong:has(+br)]:pb-2\">\u2705 <strong>Official support<\/strong> \u2013 Full integration with the browser<\/p>\n<hr class=\"bg-subtle h-px border-0\" \/>\n<h2 id=\"declarao-importante\" class=\"mb-2 mt-4 font-display font-semimedium text-base first:mt-0 md:text-lg [hr+&amp;]:mt-4\">IMPORTANT STATEMENT<\/h2>\n<p class=\"my-2 [&amp;+p]:mt-4 [&amp;_strong:has(+br)]:inline-block [&amp;_strong:has(+br)]:pb-2 translation-block\">NOTAMSpot is an auxiliary tool that does not replace official consultations with primary aeronautical information systems.<\/p>\n<p class=\"my-2 [&amp;+p]:mt-4 [&amp;_strong:has(+br)]:inline-block [&amp;_strong:has(+br)]:pb-2\">Operational safety remains the exclusive responsibility of operators, pilots, flight dispatchers, and other aviation professionals, who must always consult official sources and follow procedures approved by the competent authorities (DECEA, ANAC, ICAO).<\/p>\n<div style=\"background: #F3F4F6; border-left: 3px solid #6B7280; padding: 12px 16px; margin: 12px 0 16px 0; border-radius: 4px;\">\n<p style=\"margin: 0; font-size: 13px; color: #374151; line-height: 1.5;\">\ud83d\udcc4 <strong>Full Privacy Details:<\/strong> See <span style=\"color: #0000ff;\"><a style=\"color: #0000ff; font-weight: 600; text-decoration: underline;\" href=\"\/en_us\/privacy-policy\/\">Privacy Policy<\/a><\/span> and <strong><span style=\"color: #0000ff;\"><a style=\"color: #0000ff; font-weight: 600; text-decoration: underline;\" href=\"\/en_us\/data-transparency\/\" target=\"_blank\" rel=\"noopener\">Data Transparency<\/a><\/span><\/strong>. NOTAMSpot provides no warranties on data accuracy or fitness for aviation decisions\u2014use official sources.<\/p>\n<\/div>","protected":false},"excerpt":{"rendered":"<p>ADICIONAR NOTAMSpot NO SEU NAVEGADOR \u2139\ufe0f Pol\u00edtica para Extens\u00e3o Independente: O NOTAMSpot \u00e9 uma extens\u00e3o de navegador independente, n\u00e3o afiliada, certificada ou endossada pela FAA, ICAO, DECEA ou qualquer autoridade de avia\u00e7\u00e3o. Todo processamento ocorre exclusivamente no lado do cliente. ESCOLHA SEU NAVEGADOR \u26a0\ufe0f Adicione em Computadores \u2014 ChromeOS, Windows, macOS, Linux e outros Selecione [&hellip;]<\/p>","protected":false},"author":1,"featured_media":3696,"parent":0,"menu_order":0,"comment_status":"closed","ping_status":"closed","template":"","meta":{"_acf_changed":false,"_seopress_robots_primary_cat":"","_seopress_titles_title":"Adcionar NOTAMSpot | Extens\u00e3o para Chrome, Edge e Firefox","_seopress_titles_desc":"Baixe o NOTAMSpot gratuitamente. Compat\u00edvel com Google Chrome, Microsoft Edge e Firefox. Instale a vers\u00e3o beta agora e automatize sua an\u00e1lise de risco de voo.","_seopress_robots_index":"","footnotes":""},"class_list":["post-2961","page","type-page","status-publish","has-post-thumbnail","hentry"],"acf":[],"_hostinger_reach_plugin_has_subscription_block":false,"_hostinger_reach_plugin_is_elementor":false,"_links":{"self":[{"href":"https:\/\/notamspot.com\/en_us\/wp-json\/wp\/v2\/pages\/2961","targetHints":{"allow":["GET"]}}],"collection":[{"href":"https:\/\/notamspot.com\/en_us\/wp-json\/wp\/v2\/pages"}],"about":[{"href":"https:\/\/notamspot.com\/en_us\/wp-json\/wp\/v2\/types\/page"}],"author":[{"embeddable":true,"href":"https:\/\/notamspot.com\/en_us\/wp-json\/wp\/v2\/users\/1"}],"replies":[{"embeddable":true,"href":"https:\/\/notamspot.com\/en_us\/wp-json\/wp\/v2\/comments?post=2961"}],"version-history":[{"count":46,"href":"https:\/\/notamspot.com\/en_us\/wp-json\/wp\/v2\/pages\/2961\/revisions"}],"predecessor-version":[{"id":4144,"href":"https:\/\/notamspot.com\/en_us\/wp-json\/wp\/v2\/pages\/2961\/revisions\/4144"}],"wp:featuredmedia":[{"embeddable":true,"href":"https:\/\/notamspot.com\/en_us\/wp-json\/wp\/v2\/media\/3696"}],"wp:attachment":[{"href":"https:\/\/notamspot.com\/en_us\/wp-json\/wp\/v2\/media?parent=2961"}],"curies":[{"name":"wp","href":"https:\/\/api.w.org\/{rel}","templated":true}]}}